{"id":35,"date":"2026-04-17T03:04:23","date_gmt":"2026-04-17T03:04:23","guid":{"rendered":"https:\/\/ladobprojeto.com.br\/?page_id=35"},"modified":"2026-04-17T03:38:01","modified_gmt":"2026-04-17T03:38:01","slug":"contribuicoes-intelectuais-e-formacao","status":"publish","type":"page","link":"https:\/\/ladobprojeto.com.br\/?page_id=35","title":{"rendered":"Contribui\u00e7\u00f5es intelectuais e forma\u00e7\u00e3o!"},"content":{"rendered":"\n<p><\/p>\n\n\n\n<p>Jo\u00e3o Batista da Silva Junior &#8211; CEO Grupo Landro Carioca<\/p>\n\n\n\n<p>Editor Chefe &#8211; Estima Not\u00edcias<\/p>\n\n\n\n<p>Editor Chefe &#8211; Diverso: Suplemento acad\u00eamico.<\/p>\n\n\n\n<p>Doutorado em Sociologia &#8211; PPGSA\/UFRJ<\/p>\n\n\n\n<p>Doutorando em Ci\u00eancias Sociais &#8211; PGCS\/UFES<\/p>\n\n\n\n<p>Membro do Lapa &#8211; Laborat\u00f3rio de Antropologia Aplicada (Lapa)<\/p>\n\n\n\n<p>Criador e coordenador do n\u00facleo de desenvolvimento de ideias empreendedoras, pesquisa e manuten\u00e7\u00e3o da mem\u00f3ria&nbsp; e estudos de g\u00eanero e desenvolvimento social: MPC.<\/p>\n\n\n\n<p>Produ\u00e7\u00f5es:<\/p>\n\n\n\n<figure class=\"wp-block-embed\"><div class=\"wp-block-embed__wrapper\">\nhttps:\/\/lattes.cnpq.br\/9561663696292150\n<\/div><\/figure>\n\n\n\n<figure class=\"wp-block-embed\"><div class=\"wp-block-embed__wrapper\">\nhttps:\/\/www.cienciavitae.pt\/\/pt\/4D1F-5EDF-D978\n<\/div><\/figure>\n\n\n\n<figure class=\"wp-block-embed\"><div class=\"wp-block-embed__wrapper\">\nhttps:\/\/www.periodicos.ufrn.br\/bagoas\/article\/view\/35399\n<\/div><\/figure>\n\n\n\n<figure class=\"wp-block-embed\"><div class=\"wp-block-embed__wrapper\">\nhttps:\/\/estimanoticias.com.br\/dois-doutorados-ao-mesmo-tempo-desafio-pessoal-e-pauta-de-entrevista-com-ceo-do-grupo-landro-joao-batista\n<\/div><\/figure>\n\n\n\n<figure class=\"wp-block-embed\"><div class=\"wp-block-embed__wrapper\">\nhttps:\/\/periodicos.ufba.br\/index.php\/cadgendiv\/article\/view\/310-342\n<\/div><\/figure>\n\n\n\n<figure class=\"wp-block-embed\"><div class=\"wp-block-embed__wrapper\">\nhttps:\/\/ppgsa.ifcs.ufrj.br\/comunidade\/3329\/joao-batista-da-silva-junior\n<\/div><\/figure>\n\n\n\n<figure class=\"wp-block-embed\"><div class=\"wp-block-embed__wrapper\">\nhttps:\/\/estimanoticias.com.br\/um-encontro-sagrado_joao-junior-cientista-social-brasileiro-e-gay-assumido-recebe-convite-especial-para-conhecer-pessoalmente-vossa-santidade-o-papa-francisco\n<\/div><\/figure>\n\n\n\n<figure class=\"wp-block-embed\"><div class=\"wp-block-embed__wrapper\">\nhttps:\/\/estimanoticias.com.br\/gramppo-jjunior-joao-junior-jbatista-ceo-dois-doutorados-e-um-encontro-com-o-papa-pedro-petrocelli-fala-mais-do-que-duas-frases-rsrsrs\n<\/div><\/figure>\n\n\n\n<figure class=\"wp-block-embed\"><div class=\"wp-block-embed__wrapper\">\nhttps:\/\/www.researchgate.net\/profile\/Joao-Da-Silva-Junior-6\n<\/div><\/figure>\n\n\n\n<figure class=\"wp-block-embed\"><div class=\"wp-block-embed__wrapper\">\nhttps:\/\/orcid.org\/0009-0002-3377-2640\n<\/div><\/figure>\n\n\n\n<figure class=\"wp-block-embed\"><div class=\"wp-block-embed__wrapper\">\nhttps:\/\/www.webofscience.com\/wos\/author\/record\/KHY-1782-2024\n<\/div><\/figure>\n\n\n\n<figure class=\"wp-block-embed\"><div class=\"wp-block-embed__wrapper\">\nhttps:\/\/www.amazon.com.br\/stores\/author\/B0F1LH13LH\/about\n<\/div><\/figure>\n\n\n\n<p>Laroy\u00ea!<\/p>\n","protected":false},"excerpt":{"rendered":"<p>Jo\u00e3o Batista da Silva Junior &#8211; CEO Grupo Landro Carioca Editor Chefe &#8211; Estima Not\u00edcias Editor Chefe &#8211; Diverso: Suplemento &hellip; <a href=\"https:\/\/ladobprojeto.com.br\/?page_id=35\" class=\"more-link\">Continue reading <span class=\"screen-reader-text\">Contribui\u00e7\u00f5es intelectuais e forma\u00e7\u00e3o!<\/span><\/a><\/p>\n","protected":false},"author":1,"featured_media":40,"parent":0,"menu_order":0,"comment_status":"closed","ping_status":"closed","template":"","meta":{"_regular_price":[],"currency_symbol":[],"om_disable_all_campaigns":false,"_monsterinsights_skip_tracking":false,"_monsterinsights_sitenote_active":false,"_monsterinsights_sitenote_note":"","_monsterinsights_sitenote_category":0,"footnotes":""},"class_list":["post-35","page","type-page","status-publish","has-post-thumbnail","hentry"],"aioseo_notices":[],"post_slider_layout_featured_media_urls":{"thumbnail":["https:\/\/ladobprojeto.com.br\/wp-content\/uploads\/2026\/04\/Materia-Lado-B-Projeto-150x150.png",150,150,true],"post_slider_layout_landscape_large":["https:\/\/ladobprojeto.com.br\/wp-content\/uploads\/2026\/04\/Materia-Lado-B-Projeto-1200x800.png",1200,800,true],"post_slider_layout_portrait_large":["https:\/\/ladobprojeto.com.br\/wp-content\/uploads\/2026\/04\/Materia-Lado-B-Projeto-1200x1800.png",1200,1800,true],"post_slider_layout_square_large":["https:\/\/ladobprojeto.com.br\/wp-content\/uploads\/2026\/04\/Materia-Lado-B-Projeto-1200x1200.png",1200,1200,true],"post_slider_layout_landscape":["https:\/\/ladobprojeto.com.br\/wp-content\/uploads\/2026\/04\/Materia-Lado-B-Projeto-600x400.png",600,400,true],"post_slider_layout_portrait":["https:\/\/ladobprojeto.com.br\/wp-content\/uploads\/2026\/04\/Materia-Lado-B-Projeto-600x900.png",600,900,true],"post_slider_layout_square":["https:\/\/ladobprojeto.com.br\/wp-content\/uploads\/2026\/04\/Materia-Lado-B-Projeto-600x600.png",600,600,true],"full":["https:\/\/ladobprojeto.com.br\/wp-content\/uploads\/2026\/04\/Materia-Lado-B-Projeto.png",2048,2048,false]},"_links":{"self":[{"href":"https:\/\/ladobprojeto.com.br\/index.php?rest_route=\/wp\/v2\/pages\/35","targetHints":{"allow":["GET"]}}],"collection":[{"href":"https:\/\/ladobprojeto.com.br\/index.php?rest_route=\/wp\/v2\/pages"}],"about":[{"href":"https:\/\/ladobprojeto.com.br\/index.php?rest_route=\/wp\/v2\/types\/page"}],"author":[{"embeddable":true,"href":"https:\/\/ladobprojeto.com.br\/index.php?rest_route=\/wp\/v2\/users\/1"}],"replies":[{"embeddable":true,"href":"https:\/\/ladobprojeto.com.br\/index.php?rest_route=%2Fwp%2Fv2%2Fcomments&post=35"}],"version-history":[{"count":1,"href":"https:\/\/ladobprojeto.com.br\/index.php?rest_route=\/wp\/v2\/pages\/35\/revisions"}],"predecessor-version":[{"id":37,"href":"https:\/\/ladobprojeto.com.br\/index.php?rest_route=\/wp\/v2\/pages\/35\/revisions\/37"}],"wp:featuredmedia":[{"embeddable":true,"href":"https:\/\/ladobprojeto.com.br\/index.php?rest_route=\/wp\/v2\/media\/40"}],"wp:attachment":[{"href":"https:\/\/ladobprojeto.com.br\/index.php?rest_route=%2Fwp%2Fv2%2Fmedia&parent=35"}],"curies":[{"name":"wp","href":"https:\/\/api.w.org\/{rel}","templated":true}]}}